{"id":323,"date":"2024-01-31T21:50:24","date_gmt":"2024-01-31T21:50:24","guid":{"rendered":"https:\/\/times.cl\/?page_id=323"},"modified":"2024-02-01T13:14:58","modified_gmt":"2024-02-01T13:14:58","slug":"contabilidad","status":"publish","type":"page","link":"https:\/\/times.cl\/index.php\/contabilidad\/","title":{"rendered":"Contabilidad"},"content":{"rendered":"\t\t<div data-elementor-type=\"wp-page\" data-elementor-id=\"323\" class=\"elementor elementor-323\">\n\t\t\t\t\t\t<section class=\"elementor-section elementor-top-section elementor-element elementor-element-55f0512 elementor-section-height-min-height elementor-section-boxed elementor-section-height-default elementor-section-items-middle wpr-particle-no wpr-jarallax-no wpr-parallax-no wpr-sticky-section-no\" data-id=\"55f0512\" data-element_type=\"section\" data-settings=\"{&quot;background_background&quot;:&quot;classic&quot;}\">\n\t\t\t\t\t\t\t<div class=\"elementor-background-overlay\"><\/div>\n\t\t\t\t\t\t\t<div class=\"elementor-container elementor-column-gap-default\">\n\t\t\t\t\t<div class=\"elementor-column elementor-col-100 elementor-top-column elementor-element elementor-element-90be390\" data-id=\"90be390\" data-element_type=\"column\">\n\t\t\t<div class=\"elementor-widget-wrap elementor-element-populated\">\n\t\t\t\t\t\t<div class=\"elementor-element elementor-element-90e948a elementor-widget elementor-widget-heading\" data-id=\"90e948a\" data-element_type=\"widget\" data-widget_type=\"heading.default\">\n\t\t\t\t<div class=\"elementor-widget-container\">\n\t\t\t<style>\/*! elementor - v3.19.0 - 29-01-2024 *\/\n.elementor-heading-title{padding:0;margin:0;line-height:1}.elementor-widget-heading .elementor-heading-title[class*=elementor-size-]>a{color:inherit;font-size:inherit;line-height:inherit}.elementor-widget-heading .elementor-heading-title.elementor-size-small{font-size:15px}.elementor-widget-heading .elementor-heading-title.elementor-size-medium{font-size:19px}.elementor-widget-heading .elementor-heading-title.elementor-size-large{font-size:29px}.elementor-widget-heading .elementor-heading-title.elementor-size-xl{font-size:39px}.elementor-widget-heading .elementor-heading-title.elementor-size-xxl{font-size:59px}<\/style><h2 class=\"elementor-heading-title elementor-size-default\">Contabilidad y Estrateg\u00eda<\/h2>\t\t<\/div>\n\t\t\t\t<\/div>\n\t\t\t\t<div class=\"elementor-element elementor-element-1bf2a63 elementor-widget elementor-widget-text-editor\" data-id=\"1bf2a63\" data-element_type=\"widget\" data-widget_type=\"text-editor.default\">\n\t\t\t\t<div class=\"elementor-widget-container\">\n\t\t\t<style>\/*! elementor - v3.19.0 - 29-01-2024 *\/\n.elementor-widget-text-editor.elementor-drop-cap-view-stacked .elementor-drop-cap{background-color:#69727d;color:#fff}.elementor-widget-text-editor.elementor-drop-cap-view-framed .elementor-drop-cap{color:#69727d;border:3px solid;background-color:transparent}.elementor-widget-text-editor:not(.elementor-drop-cap-view-default) .elementor-drop-cap{margin-top:8px}.elementor-widget-text-editor:not(.elementor-drop-cap-view-default) .elementor-drop-cap-letter{width:1em;height:1em}.elementor-widget-text-editor .elementor-drop-cap{float:left;text-align:center;line-height:1;font-size:50px}.elementor-widget-text-editor .elementor-drop-cap-letter{display:inline-block}<\/style>\t\t\t\t<p><a href=\"#\">Inicio<\/a> \/ Contabilidad y Estrateg\u00eda<\/p>\t\t\t\t\t\t<\/div>\n\t\t\t\t<\/div>\n\t\t\t\t\t<\/div>\n\t\t<\/div>\n\t\t\t\t\t<\/div>\n\t\t<\/section>\n\t\t<div class=\"elementor-element elementor-element-b1f44f6 e-flex e-con-boxed wpr-particle-no wpr-jarallax-no wpr-parallax-no wpr-sticky-section-no e-con e-parent\" data-id=\"b1f44f6\" data-element_type=\"container\" data-settings=\"{&quot;content_width&quot;:&quot;boxed&quot;}\" data-core-v316-plus=\"true\">\n\t\t\t\t\t<div class=\"e-con-inner\">\n\t\t\t\t<div class=\"elementor-element elementor-element-222c1c0 elementor-widget elementor-widget-menu-anchor\" data-id=\"222c1c0\" data-element_type=\"widget\" data-widget_type=\"menu-anchor.default\">\n\t\t\t\t<div class=\"elementor-widget-container\">\n\t\t\t<style>\/*! elementor - v3.19.0 - 29-01-2024 *\/\nbody.elementor-page .elementor-widget-menu-anchor{margin-bottom:0}<\/style>\t\t<div id=\"contabilidad-estrategica\" class=\"elementor-menu-anchor\"><\/div>\n\t\t\t\t<\/div>\n\t\t\t\t<\/div>\n\t\t\t\t\t<\/div>\n\t\t\t\t<\/div>\n\t\t\t\t<section class=\"elementor-section elementor-top-section elementor-element elementor-element-d390be8 elementor-section-boxed elementor-section-height-default elementor-section-height-default wpr-particle-no wpr-jarallax-no wpr-parallax-no wpr-sticky-section-no\" data-id=\"d390be8\" data-element_type=\"section\">\n\t\t\t\t\t\t<div class=\"elementor-container elementor-column-gap-default\">\n\t\t\t\t\t<div class=\"elementor-column elementor-col-50 elementor-top-column elementor-element elementor-element-8b67e3d animated-slow elementor-invisible\" data-id=\"8b67e3d\" data-element_type=\"column\" data-settings=\"{&quot;animation&quot;:&quot;fadeInLeft&quot;}\">\n\t\t\t<div class=\"elementor-widget-wrap elementor-element-populated\">\n\t\t\t\t\t\t<div class=\"elementor-element elementor-element-112d889 elementor-widget elementor-widget-image\" data-id=\"112d889\" data-element_type=\"widget\" data-widget_type=\"image.default\">\n\t\t\t\t<div class=\"elementor-widget-container\">\n\t\t\t<style>\/*! elementor - v3.19.0 - 29-01-2024 *\/\n.elementor-widget-image{text-align:center}.elementor-widget-image a{display:inline-block}.elementor-widget-image a img[src$=\".svg\"]{width:48px}.elementor-widget-image img{vertical-align:middle;display:inline-block}<\/style>\t\t\t\t\t\t\t\t\t\t<img fetchpriority=\"high\" decoding=\"async\" width=\"800\" height=\"900\" src=\"https:\/\/times.cl\/wp-content\/uploads\/2024\/01\/professional-business-team-NNXYFQN.jpg\" class=\"attachment-full size-full wp-image-27\" alt=\"\" srcset=\"https:\/\/times.cl\/wp-content\/uploads\/2024\/01\/professional-business-team-NNXYFQN.jpg 800w, https:\/\/times.cl\/wp-content\/uploads\/2024\/01\/professional-business-team-NNXYFQN-267x300.jpg 267w, https:\/\/times.cl\/wp-content\/uploads\/2024\/01\/professional-business-team-NNXYFQN-768x864.jpg 768w\" sizes=\"(max-width: 800px) 100vw, 800px\" \/>\t\t\t\t\t\t\t\t\t\t\t\t\t<\/div>\n\t\t\t\t<\/div>\n\t\t\t\t\t<\/div>\n\t\t<\/div>\n\t\t\t\t<div class=\"elementor-column elementor-col-50 elementor-top-column elementor-element elementor-element-e6c0481\" data-id=\"e6c0481\" data-element_type=\"column\">\n\t\t\t<div class=\"elementor-widget-wrap elementor-element-populated\">\n\t\t\t\t\t\t<div class=\"elementor-element elementor-element-ad445b4 animated-slow elementor-invisible elementor-widget elementor-widget-heading\" data-id=\"ad445b4\" data-element_type=\"widget\" data-settings=\"{&quot;_animation&quot;:&quot;fadeInUp&quot;}\" data-widget_type=\"heading.default\">\n\t\t\t\t<div class=\"elementor-widget-container\">\n\t\t\t<h3 class=\"elementor-heading-title elementor-size-default\">Contabilidad estrat\u00e9gica<\/h3>\t\t<\/div>\n\t\t\t\t<\/div>\n\t\t\t\t<div class=\"elementor-element elementor-element-26b8e2c elementor-widget elementor-widget-text-editor\" data-id=\"26b8e2c\" data-element_type=\"widget\" data-widget_type=\"text-editor.default\">\n\t\t\t\t<div class=\"elementor-widget-container\">\n\t\t\t\t\t\t\t<p>La Contabilidad Estrat\u00e9gica se puede definir como \u00abel sistema de informaci\u00f3n financiera y no financiera para la toma de decisiones que soporta, mantiene e incrementa la posici\u00f3n competitiva de una organizaci\u00f3n\u00bb.<\/p><p>La contabilidad estrat\u00e9gica reemplaza a la tradicional, porque las empresas no solo son n\u00fameros sino tambi\u00e9n tomar en cuenta los factores que la afectan. El futuro no se prev\u00e9. El futuro se construye y se dise\u00f1a. Ser competitivo en el tiempo no conduce al \u00e9xito.<\/p><p>En TIME\u00ae preparamos la contabilidad con un enfoque comercial, permitiendo a nuestros clientes permanecer siempre en contacto con sus resultados productivos y previsualizar en forma gr\u00e1fica, el estado real de su empresa.<\/p>\t\t\t\t\t\t<\/div>\n\t\t\t\t<\/div>\n\t\t\t\t\t<\/div>\n\t\t<\/div>\n\t\t\t\t\t<\/div>\n\t\t<\/section>\n\t\t<div class=\"elementor-element elementor-element-e71005a e-flex e-con-boxed wpr-particle-no wpr-jarallax-no wpr-parallax-no wpr-sticky-section-no e-con e-parent\" data-id=\"e71005a\" data-element_type=\"container\" data-settings=\"{&quot;content_width&quot;:&quot;boxed&quot;}\" data-core-v316-plus=\"true\">\n\t\t\t\t\t<div class=\"e-con-inner\">\n\t\t\t\t<div class=\"elementor-element elementor-element-25a9efb elementor-widget elementor-widget-menu-anchor\" data-id=\"25a9efb\" data-element_type=\"widget\" data-widget_type=\"menu-anchor.default\">\n\t\t\t\t<div class=\"elementor-widget-container\">\n\t\t\t\t\t<div id=\"estrategias-financiera\" class=\"elementor-menu-anchor\"><\/div>\n\t\t\t\t<\/div>\n\t\t\t\t<\/div>\n\t\t\t\t\t<\/div>\n\t\t\t\t<\/div>\n\t\t\t\t<section class=\"elementor-section elementor-top-section elementor-element elementor-element-fcac805 elementor-reverse-tablet elementor-reverse-mobile elementor-section-boxed elementor-section-height-default elementor-section-height-default wpr-particle-no wpr-jarallax-no wpr-parallax-no wpr-sticky-section-no\" data-id=\"fcac805\" data-element_type=\"section\" data-settings=\"{&quot;background_background&quot;:&quot;classic&quot;}\">\n\t\t\t\t\t\t<div class=\"elementor-container elementor-column-gap-default\">\n\t\t\t\t\t<div class=\"elementor-column elementor-col-50 elementor-top-column elementor-element elementor-element-5e06bca\" data-id=\"5e06bca\" data-element_type=\"column\">\n\t\t\t<div class=\"elementor-widget-wrap elementor-element-populated\">\n\t\t\t\t\t\t<div class=\"elementor-element elementor-element-74537dd animated-slow elementor-invisible elementor-widget elementor-widget-heading\" data-id=\"74537dd\" data-element_type=\"widget\" data-settings=\"{&quot;_animation&quot;:&quot;fadeInUp&quot;}\" data-widget_type=\"heading.default\">\n\t\t\t\t<div class=\"elementor-widget-container\">\n\t\t\t<h3 class=\"elementor-heading-title elementor-size-default\">Estrategias Financieras<\/h3>\t\t<\/div>\n\t\t\t\t<\/div>\n\t\t\t\t<div class=\"elementor-element elementor-element-eedd16b elementor-widget elementor-widget-text-editor\" data-id=\"eedd16b\" data-element_type=\"widget\" data-widget_type=\"text-editor.default\">\n\t\t\t\t<div class=\"elementor-widget-container\">\n\t\t\t\t\t\t\t<p>Las estrategias financieras empresariales est\u00e1n en correspondencia con la estrategia contable maestra que se haya decidido, a partir del proceso de planificaci\u00f3n. Consecuentemente, la estrategia financiera ser\u00e1 el resultado de una buena y eficiente planificaci\u00f3n contable, donde se eval\u00faen oportunamente los presupuestos de la empresa, a fin de cumplir con nuestras metas de crecimiento y asegurar la sostenibilidad financiera de su organizaci\u00f3n.<br \/>Es por esta raz\u00f3n que en TIME\u00ae orientamos a nuestros clientes, en su desarrollo comercial y financiero, desarrollando en forma conjunta un plan que asegure la autonom\u00eda econ\u00f3mica de su empresa.<\/p>\t\t\t\t\t\t<\/div>\n\t\t\t\t<\/div>\n\t\t\t\t\t<\/div>\n\t\t<\/div>\n\t\t\t\t<div class=\"elementor-column elementor-col-50 elementor-top-column elementor-element elementor-element-db45c1c animated-slow elementor-invisible\" data-id=\"db45c1c\" data-element_type=\"column\" data-settings=\"{&quot;animation&quot;:&quot;fadeInRight&quot;}\">\n\t\t\t<div class=\"elementor-widget-wrap elementor-element-populated\">\n\t\t\t\t\t\t<div class=\"elementor-element elementor-element-4af2f28 elementor-widget elementor-widget-image\" data-id=\"4af2f28\" data-element_type=\"widget\" data-widget_type=\"image.default\">\n\t\t\t\t<div class=\"elementor-widget-container\">\n\t\t\t\t\t\t\t\t\t\t\t\t\t<img decoding=\"async\" width=\"800\" height=\"900\" src=\"https:\/\/times.cl\/wp-content\/uploads\/2024\/01\/cheerful-business-team-discussing-project-L7SEHE4.jpg\" class=\"attachment-full size-full wp-image-37\" alt=\"\" srcset=\"https:\/\/times.cl\/wp-content\/uploads\/2024\/01\/cheerful-business-team-discussing-project-L7SEHE4.jpg 800w, https:\/\/times.cl\/wp-content\/uploads\/2024\/01\/cheerful-business-team-discussing-project-L7SEHE4-267x300.jpg 267w, https:\/\/times.cl\/wp-content\/uploads\/2024\/01\/cheerful-business-team-discussing-project-L7SEHE4-768x864.jpg 768w\" sizes=\"(max-width: 800px) 100vw, 800px\" \/>\t\t\t\t\t\t\t\t\t\t\t\t\t<\/div>\n\t\t\t\t<\/div>\n\t\t\t\t\t<\/div>\n\t\t<\/div>\n\t\t\t\t\t<\/div>\n\t\t<\/section>\n\t\t<div class=\"elementor-element elementor-element-0e49dce e-flex e-con-boxed wpr-particle-no wpr-jarallax-no wpr-parallax-no wpr-sticky-section-no e-con e-parent\" data-id=\"0e49dce\" data-element_type=\"container\" data-settings=\"{&quot;content_width&quot;:&quot;boxed&quot;}\" data-core-v316-plus=\"true\">\n\t\t\t\t\t<div class=\"e-con-inner\">\n\t\t\t\t<div class=\"elementor-element elementor-element-01f2c9a elementor-widget elementor-widget-menu-anchor\" data-id=\"01f2c9a\" data-element_type=\"widget\" data-widget_type=\"menu-anchor.default\">\n\t\t\t\t<div class=\"elementor-widget-container\">\n\t\t\t\t\t<div id=\"normas-control-interno\" class=\"elementor-menu-anchor\"><\/div>\n\t\t\t\t<\/div>\n\t\t\t\t<\/div>\n\t\t\t\t\t<\/div>\n\t\t\t\t<\/div>\n\t\t\t\t<section class=\"elementor-section elementor-top-section elementor-element elementor-element-c8bfd59 elementor-section-boxed elementor-section-height-default elementor-section-height-default wpr-particle-no wpr-jarallax-no wpr-parallax-no wpr-sticky-section-no\" data-id=\"c8bfd59\" data-element_type=\"section\">\n\t\t\t\t\t\t<div class=\"elementor-container elementor-column-gap-default\">\n\t\t\t\t\t<div class=\"elementor-column elementor-col-50 elementor-top-column elementor-element elementor-element-0cf06d8 animated-slow elementor-invisible\" data-id=\"0cf06d8\" data-element_type=\"column\" data-settings=\"{&quot;animation&quot;:&quot;fadeInLeft&quot;}\">\n\t\t\t<div class=\"elementor-widget-wrap elementor-element-populated\">\n\t\t\t\t\t\t<div class=\"elementor-element elementor-element-821c588 elementor-widget elementor-widget-image\" data-id=\"821c588\" data-element_type=\"widget\" data-widget_type=\"image.default\">\n\t\t\t\t<div class=\"elementor-widget-container\">\n\t\t\t\t\t\t\t\t\t\t\t\t\t<img decoding=\"async\" width=\"1920\" height=\"1280\" src=\"https:\/\/times.cl\/wp-content\/uploads\/2024\/01\/unity-of-business-team-LSJVEG5.jpg\" class=\"attachment-full size-full wp-image-28\" alt=\"\" srcset=\"https:\/\/times.cl\/wp-content\/uploads\/2024\/01\/unity-of-business-team-LSJVEG5.jpg 1920w, https:\/\/times.cl\/wp-content\/uploads\/2024\/01\/unity-of-business-team-LSJVEG5-300x200.jpg 300w, https:\/\/times.cl\/wp-content\/uploads\/2024\/01\/unity-of-business-team-LSJVEG5-1024x683.jpg 1024w, https:\/\/times.cl\/wp-content\/uploads\/2024\/01\/unity-of-business-team-LSJVEG5-768x512.jpg 768w, https:\/\/times.cl\/wp-content\/uploads\/2024\/01\/unity-of-business-team-LSJVEG5-1536x1024.jpg 1536w\" sizes=\"(max-width: 1920px) 100vw, 1920px\" \/>\t\t\t\t\t\t\t\t\t\t\t\t\t<\/div>\n\t\t\t\t<\/div>\n\t\t\t\t\t<\/div>\n\t\t<\/div>\n\t\t\t\t<div class=\"elementor-column elementor-col-50 elementor-top-column elementor-element elementor-element-c57048a\" data-id=\"c57048a\" data-element_type=\"column\">\n\t\t\t<div class=\"elementor-widget-wrap elementor-element-populated\">\n\t\t\t\t\t\t<div class=\"elementor-element elementor-element-4a13da8 animated-slow elementor-invisible elementor-widget elementor-widget-heading\" data-id=\"4a13da8\" data-element_type=\"widget\" data-settings=\"{&quot;_animation&quot;:&quot;fadeInUp&quot;}\" data-widget_type=\"heading.default\">\n\t\t\t\t<div class=\"elementor-widget-container\">\n\t\t\t<h3 class=\"elementor-heading-title elementor-size-default\">Normas de control interno<\/h3>\t\t<\/div>\n\t\t\t\t<\/div>\n\t\t\t\t<div class=\"elementor-element elementor-element-4626d78 elementor-widget elementor-widget-text-editor\" data-id=\"4626d78\" data-element_type=\"widget\" data-widget_type=\"text-editor.default\">\n\t\t\t\t<div class=\"elementor-widget-container\">\n\t\t\t\t\t\t\t<p>Un sistema de control interno comprende el plan de la organizaci\u00f3n y todos los m\u00e9todos coordinados y medidas adoptadas dentro de una empresa, con el fin de salvaguardar sus activos y verificar la confiabilidad de los datos contables; con el objeto de proporcionar seguridad razonable en cuanto al alcance de objetivos para obtener y lograr:<\/p><ul><li>Eficacia y eficiencia de las operaciones.<\/li><li>Fiabilidad de la informaci\u00f3n financiera.<\/li><li>Cumplimiento de las leyes y normas que sean aplicables.<\/li><\/ul>\t\t\t\t\t\t<\/div>\n\t\t\t\t<\/div>\n\t\t\t\t<div class=\"elementor-element elementor-element-1cdb0a2 elementor-widget elementor-widget-text-editor\" data-id=\"1cdb0a2\" data-element_type=\"widget\" data-widget_type=\"text-editor.default\">\n\t\t\t\t<div class=\"elementor-widget-container\">\n\t\t\t\t\t\t\t<p>El control interno puede ayudar a que una organizaci\u00f3n:<\/p><ul><li>Consiga y logre metas de rentabilidad y rendimiento.<\/li><li>Prevenga posibles p\u00e9rdidas de recursos.<\/li><li>Obtenga informaci\u00f3n contable confiable.<\/li><\/ul>\t\t\t\t\t\t<\/div>\n\t\t\t\t<\/div>\n\t\t\t\t\t<\/div>\n\t\t<\/div>\n\t\t\t\t\t<\/div>\n\t\t<\/section>\n\t\t<div class=\"elementor-element elementor-element-c289441 e-flex e-con-boxed wpr-particle-no wpr-jarallax-no wpr-parallax-no wpr-sticky-section-no e-con e-parent\" data-id=\"c289441\" data-element_type=\"container\" data-settings=\"{&quot;content_width&quot;:&quot;boxed&quot;}\" data-core-v316-plus=\"true\">\n\t\t\t\t\t<div class=\"e-con-inner\">\n\t\t\t\t<div class=\"elementor-element elementor-element-7315023 elementor-widget elementor-widget-menu-anchor\" data-id=\"7315023\" data-element_type=\"widget\" data-widget_type=\"menu-anchor.default\">\n\t\t\t\t<div class=\"elementor-widget-container\">\n\t\t\t\t\t<div id=\"estudio-costos\" class=\"elementor-menu-anchor\"><\/div>\n\t\t\t\t<\/div>\n\t\t\t\t<\/div>\n\t\t\t\t\t<\/div>\n\t\t\t\t<\/div>\n\t\t\t\t<section class=\"elementor-section elementor-top-section elementor-element elementor-element-6b87b9b elementor-reverse-tablet elementor-reverse-mobile elementor-section-boxed elementor-section-height-default elementor-section-height-default wpr-particle-no wpr-jarallax-no wpr-parallax-no wpr-sticky-section-no\" data-id=\"6b87b9b\" data-element_type=\"section\" data-settings=\"{&quot;background_background&quot;:&quot;classic&quot;}\">\n\t\t\t\t\t\t<div class=\"elementor-container elementor-column-gap-default\">\n\t\t\t\t\t<div class=\"elementor-column elementor-col-50 elementor-top-column elementor-element elementor-element-dfca6ee\" data-id=\"dfca6ee\" data-element_type=\"column\">\n\t\t\t<div class=\"elementor-widget-wrap elementor-element-populated\">\n\t\t\t\t\t\t<div class=\"elementor-element elementor-element-46c7cf5 animated-slow elementor-invisible elementor-widget elementor-widget-heading\" data-id=\"46c7cf5\" data-element_type=\"widget\" data-settings=\"{&quot;_animation&quot;:&quot;fadeInUp&quot;}\" data-widget_type=\"heading.default\">\n\t\t\t\t<div class=\"elementor-widget-container\">\n\t\t\t<h3 class=\"elementor-heading-title elementor-size-default\">Estudio de costos<\/h3>\t\t<\/div>\n\t\t\t\t<\/div>\n\t\t\t\t<div class=\"elementor-element elementor-element-34a46fd elementor-widget elementor-widget-text-editor\" data-id=\"34a46fd\" data-element_type=\"widget\" data-widget_type=\"text-editor.default\">\n\t\t\t\t<div class=\"elementor-widget-container\">\n\t\t\t\t\t\t\t<p>En TIME\u00ae realizamos un estudio completo sobre los costos de sus productos permiti\u00e9ndole poder competir en precios y calidad de forma eficiente frente a las empresas del rubro.<br \/>Elaboramos estudios de costos que permitan de manera amigable relacionar los costos directos e indirectos en una empresa. Generamos planillas electr\u00f3nicas que reporten la informaci\u00f3n que necesita la empresa para la toma de decisiones. Para esto, empleamos distintos tipos sistemas de costos: LIFO, FIFO y\/o PMP aplicando el que mejor se acerque a la necesidad real de su empresa.<\/p>\t\t\t\t\t\t<\/div>\n\t\t\t\t<\/div>\n\t\t\t\t\t<\/div>\n\t\t<\/div>\n\t\t\t\t<div class=\"elementor-column elementor-col-50 elementor-top-column elementor-element elementor-element-2ed0e43 animated-slow elementor-invisible\" data-id=\"2ed0e43\" data-element_type=\"column\" data-settings=\"{&quot;animation&quot;:&quot;fadeInRight&quot;}\">\n\t\t\t<div class=\"elementor-widget-wrap elementor-element-populated\">\n\t\t\t\t\t\t<div class=\"elementor-element elementor-element-a1230f8 elementor-widget elementor-widget-image\" data-id=\"a1230f8\" data-element_type=\"widget\" data-widget_type=\"image.default\">\n\t\t\t\t<div class=\"elementor-widget-container\">\n\t\t\t\t\t\t\t\t\t\t\t\t\t<img loading=\"lazy\" decoding=\"async\" width=\"1920\" height=\"1280\" src=\"https:\/\/times.cl\/wp-content\/uploads\/2024\/01\/close-up-accountant-bookkeeper-woman-working-about-AZ87SS3.jpg\" class=\"attachment-full size-full wp-image-256\" alt=\"\" srcset=\"https:\/\/times.cl\/wp-content\/uploads\/2024\/01\/close-up-accountant-bookkeeper-woman-working-about-AZ87SS3.jpg 1920w, https:\/\/times.cl\/wp-content\/uploads\/2024\/01\/close-up-accountant-bookkeeper-woman-working-about-AZ87SS3-300x200.jpg 300w, https:\/\/times.cl\/wp-content\/uploads\/2024\/01\/close-up-accountant-bookkeeper-woman-working-about-AZ87SS3-1024x683.jpg 1024w, https:\/\/times.cl\/wp-content\/uploads\/2024\/01\/close-up-accountant-bookkeeper-woman-working-about-AZ87SS3-768x512.jpg 768w, https:\/\/times.cl\/wp-content\/uploads\/2024\/01\/close-up-accountant-bookkeeper-woman-working-about-AZ87SS3-1536x1024.jpg 1536w\" sizes=\"(max-width: 1920px) 100vw, 1920px\" \/>\t\t\t\t\t\t\t\t\t\t\t\t\t<\/div>\n\t\t\t\t<\/div>\n\t\t\t\t\t<\/div>\n\t\t<\/div>\n\t\t\t\t\t<\/div>\n\t\t<\/section>\n\t\t\t\t<\/div>\n\t\t","protected":false},"excerpt":{"rendered":"<p>Contabilidad y Estrateg\u00eda Inicio \/ Contabilidad y Estrateg\u00eda Contabilidad estrat\u00e9gica La Contabilidad Estrat\u00e9gica se puede definir como \u00abel sistema de informaci\u00f3n financiera y no financiera para la toma de decisiones que soporta, mantiene e incrementa la posici\u00f3n competitiva de una organizaci\u00f3n\u00bb. La contabilidad estrat\u00e9gica reemplaza a la tradicional, porque las empresas no solo son n\u00fameros [&hellip;]<\/p>\n","protected":false},"author":1,"featured_media":0,"parent":0,"menu_order":0,"comment_status":"closed","ping_status":"closed","template":"","meta":{"footnotes":""},"class_list":["post-323","page","type-page","status-publish","hentry"],"_links":{"self":[{"href":"https:\/\/times.cl\/index.php\/wp-json\/wp\/v2\/pages\/323","targetHints":{"allow":["GET"]}}],"collection":[{"href":"https:\/\/times.cl\/index.php\/wp-json\/wp\/v2\/pages"}],"about":[{"href":"https:\/\/times.cl\/index.php\/wp-json\/wp\/v2\/types\/page"}],"author":[{"embeddable":true,"href":"https:\/\/times.cl\/index.php\/wp-json\/wp\/v2\/users\/1"}],"replies":[{"embeddable":true,"href":"https:\/\/times.cl\/index.php\/wp-json\/wp\/v2\/comments?post=323"}],"version-history":[{"count":13,"href":"https:\/\/times.cl\/index.php\/wp-json\/wp\/v2\/pages\/323\/revisions"}],"predecessor-version":[{"id":451,"href":"https:\/\/times.cl\/index.php\/wp-json\/wp\/v2\/pages\/323\/revisions\/451"}],"wp:attachment":[{"href":"https:\/\/times.cl\/index.php\/wp-json\/wp\/v2\/media?parent=323"}],"curies":[{"name":"wp","href":"https:\/\/api.w.org\/{rel}","templated":true}]}}